{"id":9909,"date":"2024-11-19T17:03:25","date_gmt":"2024-11-19T20:03:25","guid":{"rendered":"https:\/\/www.vierltda.cl\/?page_id=9909"},"modified":"2025-02-05T14:05:35","modified_gmt":"2025-02-05T17:05:35","slug":"blog","status":"publish","type":"page","link":"https:\/\/www.vierltda.cl\/index.php\/blog\/","title":{"rendered":"Blog"},"content":{"rendered":"<section class=\"l-section wpb_row height_custom\"><div class=\"l-section-h i-cf\"><div class=\"g-cols vc_row via_flex valign_top type_default stacking_default\"><div class=\"vc_col-sm-12 wpb_column vc_column_container\"><div class=\"vc_column-inner\"><div class=\"wpb_wrapper\"><h1 class=\"w-text us_custom_aa655d08\"><span class=\"w-text-h\"><span class=\"w-text-value\">Blog<\/span><\/span><\/h1><\/div><\/div><\/div><\/div><\/div><\/section><section class=\"l-section wpb_row height_auto\"><div class=\"l-section-h i-cf\"><div class=\"g-cols vc_row via_flex valign_top type_default stacking_default\"><div class=\"vc_col-sm-12 wpb_column vc_column_container\"><div class=\"vc_column-inner\"><div class=\"wpb_wrapper\"><div class=\"w-grid type_grid layout_blog_14 cols_2 with_pagination\" id=\"us_grid_1\" style=\"--gap:1.5rem;\" data-filterable=\"true\"><style>@media (max-width:600px){#us_grid_1 .w-grid-list{margin:0}#us_grid_1 .w-grid-item{width:100%;padding:0;margin-bottom:var(--gap,0px)}}.layout_blog_14 .w-grid-item-h{}@media(max-width:479px){.layout_blog_14 .usg_post_image_1{display:none!important}}.layout_blog_14 .usg_hwrapper_1{color:var(--color-content-text)!important;margin-left:10%!important;padding-top:6%!important;padding-bottom:6%!important;background:var(--color-content-bg-alt)!important}.layout_blog_14 .usg_post_image_1{width:50%!important;margin-left:-11%!important;margin-right:0!important}.layout_blog_14 .usg_vwrapper_1{width:48%!important;margin-left:7%!important}.layout_blog_14 .usg_post_date_1{font-size:0.9rem!important}.layout_blog_14 .usg_post_title_1{font-weight:700!important;line-height:1.2!important}.layout_blog_14 .usg_post_content_1{font-size:0.9rem!important}@media (max-width:600px){.layout_blog_14 .usg_hwrapper_1{margin-left:0!important;margin-right:0!important;padding-top:0!important;padding-bottom:0!important}.layout_blog_14 .usg_post_image_1{width:100%!important;margin-left:0!important;margin-right:0!important}.layout_blog_14 .usg_vwrapper_1{width:86%!important;margin:5% 7% 7% 7%!important}}<\/style><div class=\"w-grid-list\">\t<article class=\"w-grid-item size_1x1 post-10079 post type-post status-publish format-standard has-post-thumbnail hentry category-blog\" data-id=\"10079\">\r\n\t\t<div class=\"w-grid-item-h\">\r\n\t\t\t\t\t\t<div class=\"w-hwrapper usg_hwrapper_1 has_text_color align_none valign_center wrap\"><div class=\"w-post-elm post_image usg_post_image_1 has_width stretched\"><a href=\"https:\/\/www.vierltda.cl\/index.php\/productos-higienicos\/\" aria-label=\"Productos higi\u00e9nicos\"><img loading=\"lazy\" decoding=\"async\" width=\"595\" height=\"568\" src=\"https:\/\/www.vierltda.cl\/wp-content\/uploads\/2025\/02\/Productos-higienicos.jpg\" class=\"attachment-large size-large wp-post-image\" alt=\"\" srcset=\"https:\/\/www.vierltda.cl\/wp-content\/uploads\/2025\/02\/Productos-higienicos.jpg 595w, https:\/\/www.vierltda.cl\/wp-content\/uploads\/2025\/02\/Productos-higienicos-300x286.jpg 300w\" sizes=\"(max-width: 595px) 100vw, 595px\" \/><\/a><\/div><div class=\"w-vwrapper usg_vwrapper_1 align_none valign_top\"><time class=\"w-post-elm post_date usg_post_date_1 entry-date published\" datetime=\"2025-02-05T14:11:30-03:00\" title=\"5 febrero 2025 a las 14:11:30 -03:00\">hace 1 a\u00f1o<\/time><h2 class=\"w-post-elm post_title usg_post_title_1 entry-title color_link_inherit\"><a href=\"https:\/\/www.vierltda.cl\/index.php\/productos-higienicos\/\">Productos higi\u00e9nicos<\/a><\/h2><div class=\"w-post-elm post_content usg_post_content_1\">En Vier Ltda., sabemos que la higiene es fundamental tanto en el hogar como en entornos laborales. Por eso, ofrecemos una variedad de productos higi\u00e9nicos dise\u00f1ados para asegurar comodidad y&hellip;<\/div><\/div><\/div>\t\t<\/div>\r\n\t\t\t<\/article>\r\n\t<article class=\"w-grid-item size_1x1 post-10076 post type-post status-publish format-standard has-post-thumbnail hentry category-blog\" data-id=\"10076\">\r\n\t\t<div class=\"w-grid-item-h\">\r\n\t\t\t\t\t\t<div class=\"w-hwrapper usg_hwrapper_1 has_text_color align_none valign_center wrap\"><div class=\"w-post-elm post_image usg_post_image_1 has_width stretched\"><a href=\"https:\/\/www.vierltda.cl\/index.php\/servicios-rebobinado-y-corte-guillotina\/\" aria-label=\"Servicios rebobinado y corte guillotina\"><img loading=\"lazy\" decoding=\"async\" width=\"844\" height=\"754\" src=\"https:\/\/www.vierltda.cl\/wp-content\/uploads\/2025\/02\/Servicios-rebobinado-y-corte-guillotina.jpg\" class=\"attachment-large size-large wp-post-image\" alt=\"\" srcset=\"https:\/\/www.vierltda.cl\/wp-content\/uploads\/2025\/02\/Servicios-rebobinado-y-corte-guillotina.jpg 844w, https:\/\/www.vierltda.cl\/wp-content\/uploads\/2025\/02\/Servicios-rebobinado-y-corte-guillotina-300x268.jpg 300w, https:\/\/www.vierltda.cl\/wp-content\/uploads\/2025\/02\/Servicios-rebobinado-y-corte-guillotina-600x536.jpg 600w\" sizes=\"(max-width: 844px) 100vw, 844px\" \/><\/a><\/div><div class=\"w-vwrapper usg_vwrapper_1 align_none valign_top\"><time class=\"w-post-elm post_date usg_post_date_1 entry-date published\" datetime=\"2025-02-05T14:10:29-03:00\" title=\"5 febrero 2025 a las 14:10:29 -03:00\">hace 1 a\u00f1o<\/time><h2 class=\"w-post-elm post_title usg_post_title_1 entry-title color_link_inherit\"><a href=\"https:\/\/www.vierltda.cl\/index.php\/servicios-rebobinado-y-corte-guillotina\/\">Servicios rebobinado y corte guillotina<\/a><\/h2><div class=\"w-post-elm post_content usg_post_content_1\">En Vier Ltda., ofrecemos servicios especializados para que tus proyectos sean m\u00e1s eficientes y profesionales. Entre nuestros servicios destacan el rebobinado y el corte con guillotina, ambos dise\u00f1ados para brindar&hellip;<\/div><\/div><\/div>\t\t<\/div>\r\n\t\t\t<\/article>\r\n\t<article class=\"w-grid-item size_1x1 post-10072 post type-post status-publish format-standard has-post-thumbnail hentry category-blog\" data-id=\"10072\">\r\n\t\t<div class=\"w-grid-item-h\">\r\n\t\t\t\t\t\t<div class=\"w-hwrapper usg_hwrapper_1 has_text_color align_none valign_center wrap\"><div class=\"w-post-elm post_image usg_post_image_1 has_width stretched\"><a href=\"https:\/\/www.vierltda.cl\/index.php\/resmas\/\" aria-label=\"Resmas\"><img loading=\"lazy\" decoding=\"async\" width=\"450\" height=\"450\" src=\"https:\/\/www.vierltda.cl\/wp-content\/uploads\/2025\/02\/Resmas.jpg\" class=\"attachment-large size-large wp-post-image\" alt=\"\" srcset=\"https:\/\/www.vierltda.cl\/wp-content\/uploads\/2025\/02\/Resmas.jpg 450w, https:\/\/www.vierltda.cl\/wp-content\/uploads\/2025\/02\/Resmas-300x300.jpg 300w, https:\/\/www.vierltda.cl\/wp-content\/uploads\/2025\/02\/Resmas-150x150.jpg 150w\" sizes=\"(max-width: 450px) 100vw, 450px\" \/><\/a><\/div><div class=\"w-vwrapper usg_vwrapper_1 align_none valign_top\"><time class=\"w-post-elm post_date usg_post_date_1 entry-date published\" datetime=\"2025-02-05T14:09:01-03:00\" title=\"5 febrero 2025 a las 14:09:01 -03:00\">hace 1 a\u00f1o<\/time><h2 class=\"w-post-elm post_title usg_post_title_1 entry-title color_link_inherit\"><a href=\"https:\/\/www.vierltda.cl\/index.php\/resmas\/\">Resmas<\/a><\/h2><div class=\"w-post-elm post_content usg_post_content_1\">En Vier Ltda., ofrecemos resmas de papel de alta calidad, dise\u00f1adas para satisfacer las necesidades de todo tipo de impresi\u00f3n y uso diario. Disponibles en diferentes tipos de papel, como&hellip;<\/div><\/div><\/div>\t\t<\/div>\r\n\t\t\t<\/article>\r\n\t<article class=\"w-grid-item size_1x1 post-10069 post type-post status-publish format-standard has-post-thumbnail hentry category-blog\" data-id=\"10069\">\r\n\t\t<div class=\"w-grid-item-h\">\r\n\t\t\t\t\t\t<div class=\"w-hwrapper usg_hwrapper_1 has_text_color align_none valign_center wrap\"><div class=\"w-post-elm post_image usg_post_image_1 has_width stretched\"><a href=\"https:\/\/www.vierltda.cl\/index.php\/papel-mantequilla\/\" aria-label=\"Papel mantequilla\"><img loading=\"lazy\" decoding=\"async\" width=\"576\" height=\"433\" src=\"https:\/\/www.vierltda.cl\/wp-content\/uploads\/2025\/02\/Papel-mantequilla.png\" class=\"attachment-large size-large wp-post-image\" alt=\"\" srcset=\"https:\/\/www.vierltda.cl\/wp-content\/uploads\/2025\/02\/Papel-mantequilla.png 576w, https:\/\/www.vierltda.cl\/wp-content\/uploads\/2025\/02\/Papel-mantequilla-300x226.png 300w\" sizes=\"(max-width: 576px) 100vw, 576px\" \/><\/a><\/div><div class=\"w-vwrapper usg_vwrapper_1 align_none valign_top\"><time class=\"w-post-elm post_date usg_post_date_1 entry-date published\" datetime=\"2025-02-05T14:08:22-03:00\" title=\"5 febrero 2025 a las 14:08:22 -03:00\">hace 1 a\u00f1o<\/time><h2 class=\"w-post-elm post_title usg_post_title_1 entry-title color_link_inherit\"><a href=\"https:\/\/www.vierltda.cl\/index.php\/papel-mantequilla\/\">Papel mantequilla<\/a><\/h2><div class=\"w-post-elm post_content usg_post_content_1\">En Vier Ltda., ofrecemos papel mantequilla de alta calidad, ideal para una variedad de aplicaciones, desde el embalaje de alimentos hasta proyectos creativos y de dise\u00f1o. Este papel, conocido por&hellip;<\/div><\/div><\/div>\t\t<\/div>\r\n\t\t\t<\/article>\r\n\t<article class=\"w-grid-item size_1x1 post-10066 post type-post status-publish format-standard has-post-thumbnail hentry category-blog\" data-id=\"10066\">\r\n\t\t<div class=\"w-grid-item-h\">\r\n\t\t\t\t\t\t<div class=\"w-hwrapper usg_hwrapper_1 has_text_color align_none valign_center wrap\"><div class=\"w-post-elm post_image usg_post_image_1 has_width stretched\"><a href=\"https:\/\/www.vierltda.cl\/index.php\/papel-seda\/\" aria-label=\"Papel seda\"><img loading=\"lazy\" decoding=\"async\" width=\"225\" height=\"225\" src=\"https:\/\/www.vierltda.cl\/wp-content\/uploads\/2025\/02\/Papel-seda.png\" class=\"attachment-large size-large wp-post-image\" alt=\"\" srcset=\"https:\/\/www.vierltda.cl\/wp-content\/uploads\/2025\/02\/Papel-seda.png 225w, https:\/\/www.vierltda.cl\/wp-content\/uploads\/2025\/02\/Papel-seda-150x150.png 150w\" sizes=\"(max-width: 225px) 100vw, 225px\" \/><\/a><\/div><div class=\"w-vwrapper usg_vwrapper_1 align_none valign_top\"><time class=\"w-post-elm post_date usg_post_date_1 entry-date published\" datetime=\"2025-02-05T14:06:48-03:00\" title=\"5 febrero 2025 a las 14:06:48 -03:00\">hace 1 a\u00f1o<\/time><h2 class=\"w-post-elm post_title usg_post_title_1 entry-title color_link_inherit\"><a href=\"https:\/\/www.vierltda.cl\/index.php\/papel-seda\/\">Papel seda<\/a><\/h2><div class=\"w-post-elm post_content usg_post_content_1\">En Vier Ltda., el papel seda es una opci\u00f3n ideal para aquellos que buscan un material delicado y sofisticado para sus proyectos. Perfecto para envolver productos, crear presentaciones de alta&hellip;<\/div><\/div><\/div>\t\t<\/div>\r\n\t\t\t<\/article>\r\n\t<article class=\"w-grid-item size_1x1 post-10062 post type-post status-publish format-standard has-post-thumbnail hentry category-blog\" data-id=\"10062\">\r\n\t\t<div class=\"w-grid-item-h\">\r\n\t\t\t\t\t\t<div class=\"w-hwrapper usg_hwrapper_1 has_text_color align_none valign_center wrap\"><div class=\"w-post-elm post_image usg_post_image_1 has_width stretched\"><a href=\"https:\/\/www.vierltda.cl\/index.php\/papel-kraft\/\" aria-label=\"Papel kraft\"><img loading=\"lazy\" decoding=\"async\" width=\"450\" height=\"450\" src=\"https:\/\/www.vierltda.cl\/wp-content\/uploads\/2025\/02\/Papel-Kraft.jpg\" class=\"attachment-large size-large wp-post-image\" alt=\"\" srcset=\"https:\/\/www.vierltda.cl\/wp-content\/uploads\/2025\/02\/Papel-Kraft.jpg 450w, https:\/\/www.vierltda.cl\/wp-content\/uploads\/2025\/02\/Papel-Kraft-300x300.jpg 300w, https:\/\/www.vierltda.cl\/wp-content\/uploads\/2025\/02\/Papel-Kraft-150x150.jpg 150w\" sizes=\"(max-width: 450px) 100vw, 450px\" \/><\/a><\/div><div class=\"w-vwrapper usg_vwrapper_1 align_none valign_top\"><time class=\"w-post-elm post_date usg_post_date_1 entry-date published\" datetime=\"2025-02-05T14:05:05-03:00\" title=\"5 febrero 2025 a las 14:05:05 -03:00\">hace 1 a\u00f1o<\/time><h2 class=\"w-post-elm post_title usg_post_title_1 entry-title color_link_inherit\"><a href=\"https:\/\/www.vierltda.cl\/index.php\/papel-kraft\/\">Papel kraft<\/a><\/h2><div class=\"w-post-elm post_content usg_post_content_1\">En Vier Ltda., ofrecemos una amplia gama de papel kraft ideal para una variedad de aplicaciones, desde embalajes hasta proyectos creativos y de dise\u00f1o. Con su caracter\u00edstica textura y resistencia,&hellip;<\/div><\/div><\/div>\t\t<\/div>\r\n\t\t\t<\/article>\r\n\t<article class=\"w-grid-item size_1x1 post-10059 post type-post status-publish format-standard has-post-thumbnail hentry category-blog\" data-id=\"10059\">\r\n\t\t<div class=\"w-grid-item-h\">\r\n\t\t\t\t\t\t<div class=\"w-hwrapper usg_hwrapper_1 has_text_color align_none valign_center wrap\"><div class=\"w-post-elm post_image usg_post_image_1 has_width stretched\"><a href=\"https:\/\/www.vierltda.cl\/index.php\/papel-plotter\/\" aria-label=\"Papel plotter\"><img loading=\"lazy\" decoding=\"async\" width=\"800\" height=\"800\" src=\"https:\/\/www.vierltda.cl\/wp-content\/uploads\/2025\/02\/Papel-plotter.jpg\" class=\"attachment-large size-large wp-post-image\" alt=\"\" srcset=\"https:\/\/www.vierltda.cl\/wp-content\/uploads\/2025\/02\/Papel-plotter.jpg 800w, https:\/\/www.vierltda.cl\/wp-content\/uploads\/2025\/02\/Papel-plotter-300x300.jpg 300w, https:\/\/www.vierltda.cl\/wp-content\/uploads\/2025\/02\/Papel-plotter-150x150.jpg 150w, https:\/\/www.vierltda.cl\/wp-content\/uploads\/2025\/02\/Papel-plotter-600x600.jpg 600w\" sizes=\"(max-width: 800px) 100vw, 800px\" \/><\/a><\/div><div class=\"w-vwrapper usg_vwrapper_1 align_none valign_top\"><time class=\"w-post-elm post_date usg_post_date_1 entry-date published\" datetime=\"2025-02-05T14:03:43-03:00\" title=\"5 febrero 2025 a las 14:03:43 -03:00\">hace 1 a\u00f1o<\/time><h2 class=\"w-post-elm post_title usg_post_title_1 entry-title color_link_inherit\"><a href=\"https:\/\/www.vierltda.cl\/index.php\/papel-plotter\/\">Papel plotter<\/a><\/h2><div class=\"w-post-elm post_content usg_post_content_1\">En Vier Ltda., entendemos la importancia de contar con materiales de alta calidad para proyectos de impresi\u00f3n t\u00e9cnica y gran formato. Nuestro papel plotter est\u00e1 dise\u00f1ado espec\u00edficamente para satisfacer las&hellip;<\/div><\/div><\/div>\t\t<\/div>\r\n\t\t\t<\/article>\r\n\t<article class=\"w-grid-item size_1x1 post-9907 post type-post status-publish format-standard has-post-thumbnail hentry category-blog\" data-id=\"9907\">\r\n\t\t<div class=\"w-grid-item-h\">\r\n\t\t\t\t\t\t<div class=\"w-hwrapper usg_hwrapper_1 has_text_color align_none valign_center wrap\"><div class=\"w-post-elm post_image usg_post_image_1 has_width stretched\"><a href=\"https:\/\/www.vierltda.cl\/index.php\/distribuidores-de-linea-tissue\/\" aria-label=\"Distribuidores de L\u00ednea tissue\"><img loading=\"lazy\" decoding=\"async\" width=\"1024\" height=\"1024\" src=\"https:\/\/www.vierltda.cl\/wp-content\/uploads\/2024\/11\/Distribuidores-de-Linea-tissue-1024x1024.png\" class=\"attachment-large size-large wp-post-image\" alt=\"\" srcset=\"https:\/\/www.vierltda.cl\/wp-content\/uploads\/2024\/11\/Distribuidores-de-Linea-tissue-1024x1024.png 1024w, https:\/\/www.vierltda.cl\/wp-content\/uploads\/2024\/11\/Distribuidores-de-Linea-tissue-300x300.png 300w, https:\/\/www.vierltda.cl\/wp-content\/uploads\/2024\/11\/Distribuidores-de-Linea-tissue-150x150.png 150w, https:\/\/www.vierltda.cl\/wp-content\/uploads\/2024\/11\/Distribuidores-de-Linea-tissue-600x600.png 600w, https:\/\/www.vierltda.cl\/wp-content\/uploads\/2024\/11\/Distribuidores-de-Linea-tissue.png 1080w\" sizes=\"(max-width: 1024px) 100vw, 1024px\" \/><\/a><\/div><div class=\"w-vwrapper usg_vwrapper_1 align_none valign_top\"><time class=\"w-post-elm post_date usg_post_date_1 entry-date published\" datetime=\"2024-11-19T17:02:19-03:00\" title=\"19 noviembre 2024 a las 17:02:19 -03:00\">hace 1 a\u00f1o<\/time><h2 class=\"w-post-elm post_title usg_post_title_1 entry-title color_link_inherit\"><a href=\"https:\/\/www.vierltda.cl\/index.php\/distribuidores-de-linea-tissue\/\">Distribuidores de L\u00ednea tissue<\/a><\/h2><div class=\"w-post-elm post_content usg_post_content_1\">En Vier Ltda., nuestra L\u00ednea Tissue ofrece una amplia variedad de productos dise\u00f1ados para brindar soluciones eficientes, econ\u00f3micas y de calidad en diferentes sectores. Con opciones en diversas medidas, nos&hellip;<\/div><\/div><\/div>\t\t<\/div>\r\n\t\t\t<\/article>\r\n\t<article class=\"w-grid-item size_1x1 post-9905 post type-post status-publish format-standard has-post-thumbnail hentry category-blog\" data-id=\"9905\">\r\n\t\t<div class=\"w-grid-item-h\">\r\n\t\t\t\t\t\t<div class=\"w-hwrapper usg_hwrapper_1 has_text_color align_none valign_center wrap\"><div class=\"w-post-elm post_image usg_post_image_1 has_width stretched\"><a href=\"https:\/\/www.vierltda.cl\/index.php\/servicio-de-guillotinado-soluciones-eficientes\/\" aria-label=\"Servicio de Guillotinado : soluciones eficientes\"><img loading=\"lazy\" decoding=\"async\" width=\"225\" height=\"225\" src=\"https:\/\/www.vierltda.cl\/wp-content\/uploads\/2024\/11\/Servicio-de-Guillotinado-soluciones-eficientes.png\" class=\"attachment-large size-large wp-post-image\" alt=\"\" srcset=\"https:\/\/www.vierltda.cl\/wp-content\/uploads\/2024\/11\/Servicio-de-Guillotinado-soluciones-eficientes.png 225w, https:\/\/www.vierltda.cl\/wp-content\/uploads\/2024\/11\/Servicio-de-Guillotinado-soluciones-eficientes-150x150.png 150w\" sizes=\"(max-width: 225px) 100vw, 225px\" \/><\/a><\/div><div class=\"w-vwrapper usg_vwrapper_1 align_none valign_top\"><time class=\"w-post-elm post_date usg_post_date_1 entry-date published\" datetime=\"2024-11-19T17:01:34-03:00\" title=\"19 noviembre 2024 a las 17:01:34 -03:00\">hace 1 a\u00f1o<\/time><h2 class=\"w-post-elm post_title usg_post_title_1 entry-title color_link_inherit\"><a href=\"https:\/\/www.vierltda.cl\/index.php\/servicio-de-guillotinado-soluciones-eficientes\/\">Servicio de Guillotinado : soluciones eficientes<\/a><\/h2><div class=\"w-post-elm post_content usg_post_content_1\">En Vier Ltda., ofrecemos un servicio de guillotinado especializado, dise\u00f1ado para brindar la m\u00e1xima precisi\u00f3n en el corte de resmas de diversos tipos de papel, como seda, mantequilla, fotocopia y&hellip;<\/div><\/div><\/div>\t\t<\/div>\r\n\t\t\t<\/article>\r\n\t<article class=\"w-grid-item size_1x1 post-9903 post type-post status-publish format-standard has-post-thumbnail hentry category-blog\" data-id=\"9903\">\r\n\t\t<div class=\"w-grid-item-h\">\r\n\t\t\t\t\t\t<div class=\"w-hwrapper usg_hwrapper_1 has_text_color align_none valign_center wrap\"><div class=\"w-post-elm post_image usg_post_image_1 has_width stretched\"><a href=\"https:\/\/www.vierltda.cl\/index.php\/servicio-de-rebobinado-soluciones-eficientes\/\" aria-label=\"Servicio de rebobinado: soluciones eficientes\"><img loading=\"lazy\" decoding=\"async\" width=\"844\" height=\"754\" src=\"https:\/\/www.vierltda.cl\/wp-content\/uploads\/2024\/11\/Servicio-de-rebobinado-soluciones-eficientes.jpg\" class=\"attachment-large size-large wp-post-image\" alt=\"\" srcset=\"https:\/\/www.vierltda.cl\/wp-content\/uploads\/2024\/11\/Servicio-de-rebobinado-soluciones-eficientes.jpg 844w, https:\/\/www.vierltda.cl\/wp-content\/uploads\/2024\/11\/Servicio-de-rebobinado-soluciones-eficientes-300x268.jpg 300w, https:\/\/www.vierltda.cl\/wp-content\/uploads\/2024\/11\/Servicio-de-rebobinado-soluciones-eficientes-600x536.jpg 600w\" sizes=\"(max-width: 844px) 100vw, 844px\" \/><\/a><\/div><div class=\"w-vwrapper usg_vwrapper_1 align_none valign_top\"><time class=\"w-post-elm post_date usg_post_date_1 entry-date published\" datetime=\"2024-11-19T17:00:32-03:00\" title=\"19 noviembre 2024 a las 17:00:32 -03:00\">hace 1 a\u00f1o<\/time><h2 class=\"w-post-elm post_title usg_post_title_1 entry-title color_link_inherit\"><a href=\"https:\/\/www.vierltda.cl\/index.php\/servicio-de-rebobinado-soluciones-eficientes\/\">Servicio de rebobinado: soluciones eficientes<\/a><\/h2><div class=\"w-post-elm post_content usg_post_content_1\">En Vier Ltda., entendemos lo crucial que es mantener la integridad y calidad de los materiales en los procesos de impresi\u00f3n y embalaje. Por eso, ofrecemos un servicio de rebobinado&hellip;<\/div><\/div><\/div>\t\t<\/div>\r\n\t\t\t<\/article>\r\n<\/div><div class=\"w-grid-preloader\">\t<div class=\"g-preloader type_1\">\r\n\t\t<div><\/div>\r\n\t<\/div>\r\n\t<\/div>\t\t\t<nav class=\"pagination navigation\" role=\"navigation\">\r\n\t\t\t\t<div class=\"nav-links\">\r\n\t\t\t\t\t<span aria-current=\"page\" class=\"page-numbers current\"><span>1<\/span><\/span>\n<a class=\"page-numbers\" href=\"https:\/\/www.vierltda.cl\/index.php\/wp-json\/wp\/v2\/pages\/9909\/page\/2\/\"><span>2<\/span><\/a>\n<a class=\"next page-numbers\" href=\"https:\/\/www.vierltda.cl\/index.php\/wp-json\/wp\/v2\/pages\/9909\/page\/2\/\"><span>Siguiente<\/span><\/a>\t\t\t\t<\/div>\r\n\t\t\t<\/nav>\r\n\t\t\t\t<div class=\"w-grid-json hidden\" onclick='return {&quot;action&quot;:&quot;us_ajax_grid&quot;,&quot;infinite_scroll&quot;:0,&quot;max_num_pages&quot;:2,&quot;pagination&quot;:&quot;regular&quot;,&quot;template_vars&quot;:{&quot;columns&quot;:&quot;2&quot;,&quot;exclude_items&quot;:&quot;none&quot;,&quot;img_size&quot;:&quot;default&quot;,&quot;ignore_items_size&quot;:0,&quot;items_layout&quot;:&quot;blog_14&quot;,&quot;items_offset&quot;:&quot;1&quot;,&quot;load_animation&quot;:&quot;none&quot;,&quot;overriding_link&quot;:&quot;%7B%22url%22%3A%22%22%7D&quot;,&quot;post_id&quot;:0,&quot;query_args&quot;:{&quot;post_type&quot;:[&quot;post&quot;],&quot;tax_query&quot;:[{&quot;taxonomy&quot;:&quot;category&quot;,&quot;field&quot;:&quot;slug&quot;,&quot;terms&quot;:[&quot;blog&quot;]}],&quot;post_status&quot;:[&quot;publish&quot;,&quot;acf-disabled&quot;,&quot;wc-gplsquote-req&quot;],&quot;posts_per_page&quot;:&quot;10&quot;},&quot;orderby_query_args&quot;:{&quot;orderby&quot;:{&quot;date&quot;:&quot;DESC&quot;}},&quot;type&quot;:&quot;grid&quot;,&quot;us_grid_post_type&quot;:&quot;post&quot;,&quot;us_grid_ajax_index&quot;:1,&quot;us_grid_filter_params&quot;:[],&quot;us_grid_index&quot;:1,&quot;page_args&quot;:[]}}'><\/div>\r\n\t<\/div><\/div><\/div><\/div><\/div><\/div><\/section>\n","protected":false},"excerpt":{"rendered":"En Vier Ltda., entendemos lo crucial que es mantener la integridad y calidad de los materiales en los procesos de impresi\u00f3n y embalaje. Por eso, ofrecemos un servicio de rebobinado especializado, dise\u00f1ado para adaptarse a las necesidades particulares de cada cliente. Nuestro servicio asegura que tus rollos sean transformados y acondicionados de manera eficiente y...","protected":false},"author":3,"featured_media":0,"parent":0,"menu_order":0,"comment_status":"closed","ping_status":"closed","template":"","meta":{"_acf_changed":false,"footnotes":""},"class_list":["post-9909","page","type-page","status-publish","hentry"],"acf":[],"_links":{"self":[{"href":"https:\/\/www.vierltda.cl\/index.php\/wp-json\/wp\/v2\/pages\/9909"}],"collection":[{"href":"https:\/\/www.vierltda.cl\/index.php\/wp-json\/wp\/v2\/pages"}],"about":[{"href":"https:\/\/www.vierltda.cl\/index.php\/wp-json\/wp\/v2\/types\/page"}],"author":[{"embeddable":true,"href":"https:\/\/www.vierltda.cl\/index.php\/wp-json\/wp\/v2\/users\/3"}],"replies":[{"embeddable":true,"href":"https:\/\/www.vierltda.cl\/index.php\/wp-json\/wp\/v2\/comments?post=9909"}],"version-history":[{"count":17,"href":"https:\/\/www.vierltda.cl\/index.php\/wp-json\/wp\/v2\/pages\/9909\/revisions"}],"predecessor-version":[{"id":10065,"href":"https:\/\/www.vierltda.cl\/index.php\/wp-json\/wp\/v2\/pages\/9909\/revisions\/10065"}],"wp:attachment":[{"href":"https:\/\/www.vierltda.cl\/index.php\/wp-json\/wp\/v2\/media?parent=9909"}],"curies":[{"name":"wp","href":"https:\/\/api.w.org\/{rel}","templated":true}]}}