{"id":9318,"date":"2024-08-07T11:32:58","date_gmt":"2024-08-07T14:32:58","guid":{"rendered":"https:\/\/www.vierltda.cl\/?page_id=9318"},"modified":"2025-01-23T11:54:42","modified_gmt":"2025-01-23T14:54:42","slug":"servicio-rebobinado","status":"publish","type":"page","link":"https:\/\/www.vierltda.cl\/index.php\/servicio-rebobinado\/","title":{"rendered":"Servicio Rebobinado"},"content":{"rendered":"<section class=\"l-section wpb_row us_custom_b91424ac hide_on_mobiles height_custom\" id=\"vista-escritorio\"><div class=\"l-section-h i-cf\"><div class=\"g-cols vc_row via_flex valign_top type_default stacking_default\"><div class=\"vc_col-sm-12 wpb_column vc_column_container\"><div class=\"vc_column-inner\"><div class=\"wpb_wrapper\"><h1 class=\"w-text us_custom_0d91bc79 hide_on_mobiles\"><span class=\"w-text-h\"><span class=\"w-text-value\">Servicio Rebobinado &#8211; Guillotinado<\/span><\/span><\/h1><div class=\"w-separator size_small\"><\/div><div class=\"g-cols wpb_row via_flex valign_top type_default stacking_default\"><div class=\"vc_col-sm-1 wpb_column vc_column_container\"><div class=\"vc_column-inner\"><div class=\"wpb_wrapper\"><\/div><\/div><\/div><div class=\"vc_col-sm-5 wpb_column vc_column_container\"><div class=\"vc_column-inner\"><div class=\"wpb_wrapper\"><div class=\"w-vwrapper align_center valign_middle\"><div class=\"wpb_text_column us_custom_e5151176\"><div class=\"wpb_wrapper\"><p style=\"text-align: justify;\">En <strong>VIER PAPELES<\/strong>, nos especializamos en la fabricaci\u00f3n de rollos y el corte de resmas a las medidas espec\u00edficas que nuestros clientes solicitan. Garantizamos productos de alta calidad y precisi\u00f3n en cada corte, adapt\u00e1ndonos a las necesidades particulares de cada proyecto.<\/p>\n<p style=\"text-align: justify;\">Nuestro compromiso es ofrecer soluciones personalizadas que se ajusten perfectamente a los requerimientos de su negocio.<\/p>\n<\/div><\/div><\/div><\/div><\/div><\/div><div class=\"vc_col-sm-5 wpb_column vc_column_container\"><div class=\"vc_column-inner\"><div class=\"wpb_wrapper\"><div class=\"w-slider hide_on_mobiles style_none fit_cover\"><div class=\"w-slider-h\"><div class=\"royalSlider\"><div class=\"rsContent\"><a class=\"rsImg\" data-rsw=\"844\" data-rsh=\"754\" data-rsBigImg=\"https:\/\/www.vierltda.cl\/wp-content\/uploads\/2024\/08\/Corte-guillotinado.jpg\" href=\"https:\/\/www.vierltda.cl\/wp-content\/uploads\/2024\/08\/Corte-guillotinado.jpg\"><span data-alt=\"\"><\/span><\/a><\/div><div class=\"rsContent\"><a class=\"rsImg\" data-rsw=\"1100\" data-rsh=\"732\" data-rsBigImg=\"https:\/\/www.vierltda.cl\/wp-content\/uploads\/2024\/08\/rebobinado.png\" href=\"https:\/\/www.vierltda.cl\/wp-content\/uploads\/2024\/08\/rebobinado.png\"><span data-alt=\"\"><\/span><\/a><\/div><\/div><img decoding=\"async\" src=\"https:\/\/www.vierltda.cl\/wp-content\/uploads\/2024\/08\/Corte-guillotinado.jpg\" width=\"844\" height=\"754\" alt loading=\"lazy\"><\/div><div class=\"w-slider-json\" onclick='return {&quot;autoScaleSlider&quot;:true,&quot;loop&quot;:true,&quot;fadeInLoadedSlide&quot;:false,&quot;slidesSpacing&quot;:0,&quot;imageScalePadding&quot;:0,&quot;numImagesToPreload&quot;:2,&quot;arrowsNav&quot;:true,&quot;arrowsNavAutoHide&quot;:false,&quot;transitionType&quot;:&quot;move&quot;,&quot;transitionSpeed&quot;:250,&quot;block&quot;:{&quot;moveEffect&quot;:&quot;none&quot;,&quot;speed&quot;:300},&quot;thumbs&quot;:{&quot;fitInViewport&quot;:false},&quot;controlNavigation&quot;:&quot;none&quot;,&quot;autoplay&quot;:{&quot;enabled&quot;:true,&quot;pauseOnHover&quot;:true,&quot;delay&quot;:3000},&quot;fullscreen&quot;:{&quot;enabled&quot;:true},&quot;imageScaleMode&quot;:&quot;fill&quot;,&quot;autoScaleSliderWidth&quot;:844,&quot;autoScaleSliderHeight&quot;:754}'><\/div><\/div><\/div><\/div><\/div><div class=\"vc_col-sm-1 wpb_column vc_column_container\"><div class=\"vc_column-inner\"><div class=\"wpb_wrapper\"><\/div><\/div><\/div><\/div><\/div><\/div><\/div><\/div><\/div><\/section><section class=\"l-section wpb_row us_custom_b91424ac hide_on_default hide_on_laptops hide_on_tablets height_custom\" id=\"vista-movil\"><div class=\"l-section-h i-cf\"><div class=\"g-cols vc_row via_flex valign_top type_default stacking_default\"><div class=\"vc_col-sm-12 wpb_column vc_column_container\"><div class=\"vc_column-inner\"><div class=\"wpb_wrapper\"><div class=\"w-separator size_huge\"><\/div><div class=\"wpb_text_column us_custom_aab01d20\"><div class=\"wpb_wrapper\"><p style=\"text-align: center;\"><strong>Servicio Rebobinado<\/strong><\/p>\n<p style=\"text-align: center;\"><strong>y Guillotinado<\/strong><\/p>\n<\/div><\/div><div class=\"w-separator size_small\"><\/div><div class=\"g-cols wpb_row via_flex valign_top type_default stacking_default\"><div class=\"vc_col-sm-12 wpb_column vc_column_container\"><div class=\"vc_column-inner\"><div class=\"wpb_wrapper\"><div class=\"w-slider style_none fit_cover\"><div class=\"w-slider-h\"><div class=\"royalSlider\"><div class=\"rsContent\"><a class=\"rsImg\" data-rsw=\"844\" data-rsh=\"754\" data-rsBigImg=\"https:\/\/www.vierltda.cl\/wp-content\/uploads\/2024\/08\/Corte-guillotinado.jpg\" href=\"https:\/\/www.vierltda.cl\/wp-content\/uploads\/2024\/08\/Corte-guillotinado.jpg\"><span data-alt=\"\"><\/span><\/a><\/div><div class=\"rsContent\"><a class=\"rsImg\" data-rsw=\"1100\" data-rsh=\"732\" data-rsBigImg=\"https:\/\/www.vierltda.cl\/wp-content\/uploads\/2024\/08\/rebobinado.png\" href=\"https:\/\/www.vierltda.cl\/wp-content\/uploads\/2024\/08\/rebobinado.png\"><span data-alt=\"\"><\/span><\/a><\/div><\/div><img decoding=\"async\" src=\"https:\/\/www.vierltda.cl\/wp-content\/uploads\/2024\/08\/Corte-guillotinado.jpg\" width=\"844\" height=\"754\" alt loading=\"lazy\"><\/div><div class=\"w-slider-json\" onclick='return {&quot;autoScaleSlider&quot;:true,&quot;loop&quot;:true,&quot;fadeInLoadedSlide&quot;:false,&quot;slidesSpacing&quot;:0,&quot;imageScalePadding&quot;:0,&quot;numImagesToPreload&quot;:2,&quot;arrowsNav&quot;:true,&quot;arrowsNavAutoHide&quot;:false,&quot;transitionType&quot;:&quot;move&quot;,&quot;transitionSpeed&quot;:250,&quot;block&quot;:{&quot;moveEffect&quot;:&quot;none&quot;,&quot;speed&quot;:300},&quot;thumbs&quot;:{&quot;fitInViewport&quot;:false},&quot;controlNavigation&quot;:&quot;none&quot;,&quot;autoplay&quot;:{&quot;enabled&quot;:true,&quot;pauseOnHover&quot;:true,&quot;delay&quot;:3000},&quot;fullscreen&quot;:{&quot;enabled&quot;:true},&quot;imageScaleMode&quot;:&quot;fill&quot;,&quot;autoScaleSliderWidth&quot;:844,&quot;autoScaleSliderHeight&quot;:754}'><\/div><\/div><div class=\"w-separator size_medium\"><\/div><div class=\"wpb_text_column us_custom_e5151176\"><div class=\"wpb_wrapper\"><p style=\"text-align: justify;\">En <strong>VIER PAPELES<\/strong>, nos especializamos en la fabricaci\u00f3n de rollos y el corte de resmas a las medidas espec\u00edficas que nuestros clientes solicitan. Garantizamos productos de alta calidad y precisi\u00f3n en cada corte, adapt\u00e1ndonos a las necesidades particulares de cada proyecto.<\/p>\n<p style=\"text-align: justify;\">Nuestro compromiso es ofrecer soluciones personalizadas que se ajusten perfectamente a los requerimientos de su negocio.<\/p>\n<\/div><\/div><\/div><\/div><\/div><\/div><\/div><\/div><\/div><\/div><\/div><\/section>\n","protected":false},"excerpt":{"rendered":"Servicio Rebobinado &#8211; GuillotinadoEn VIER PAPELES, nos especializamos en la fabricaci\u00f3n de rollos y el corte de resmas a las medidas espec\u00edficas que nuestros clientes solicitan. Garantizamos productos de alta calidad y precisi\u00f3n en cada corte, adapt\u00e1ndonos a las necesidades particulares de cada proyecto. Nuestro compromiso es ofrecer soluciones personalizadas que se ajusten perfectamente a...","protected":false},"author":3,"featured_media":0,"parent":0,"menu_order":0,"comment_status":"closed","ping_status":"closed","template":"","meta":{"_acf_changed":false,"footnotes":""},"class_list":["post-9318","page","type-page","status-publish","hentry"],"acf":[],"_links":{"self":[{"href":"https:\/\/www.vierltda.cl\/index.php\/wp-json\/wp\/v2\/pages\/9318"}],"collection":[{"href":"https:\/\/www.vierltda.cl\/index.php\/wp-json\/wp\/v2\/pages"}],"about":[{"href":"https:\/\/www.vierltda.cl\/index.php\/wp-json\/wp\/v2\/types\/page"}],"author":[{"embeddable":true,"href":"https:\/\/www.vierltda.cl\/index.php\/wp-json\/wp\/v2\/users\/3"}],"replies":[{"embeddable":true,"href":"https:\/\/www.vierltda.cl\/index.php\/wp-json\/wp\/v2\/comments?post=9318"}],"version-history":[{"count":46,"href":"https:\/\/www.vierltda.cl\/index.php\/wp-json\/wp\/v2\/pages\/9318\/revisions"}],"predecessor-version":[{"id":10051,"href":"https:\/\/www.vierltda.cl\/index.php\/wp-json\/wp\/v2\/pages\/9318\/revisions\/10051"}],"wp:attachment":[{"href":"https:\/\/www.vierltda.cl\/index.php\/wp-json\/wp\/v2\/media?parent=9318"}],"curies":[{"name":"wp","href":"https:\/\/api.w.org\/{rel}","templated":true}]}}